{"id":118,"date":"2015-02-14T01:54:57","date_gmt":"2015-02-14T01:54:57","guid":{"rendered":"http:\/\/tudosites.com\/demo\/wordpress\/megaportal\/?page_id=118"},"modified":"2023-04-14T11:25:46","modified_gmt":"2023-04-14T11:25:46","slug":"quem-somos","status":"publish","type":"page","link":"https:\/\/sintramacon.com.br\/site\/?page_id=118","title":{"rendered":"Quem Somos"},"content":{"rendered":"<p>O Sindicato<\/p>\n<p>O Sindicato dos Trabalhadores no Com\u00e9rcio Atacadista e Varejista de Materiais de Constru\u00e7\u00e3o do Distrito Federal, o Sintramacon-DF, tem como objetivo resgatar o direitos dos trabalhadores. A nova diretoria, no comando desde dezembro de 2010, j\u00e1 conseguiu, em poucos meses, ampliar a rede de prote\u00e7\u00e3o ao trabalhador.<\/p>\n<p>&nbsp;<\/p>\n<p>O sindicato cuida da sa\u00fade do trabalhador, e por meio de uma parceria com o Sindicom-DF, oferece conv\u00eanios m\u00e9dicos nas \u00e1reas de pediatria, ginecologia, odontologia e cl\u00ednica m\u00e9dica. Al\u00e9m disso, o Sintramacon possui um espa\u00e7o destinado ao trabalhador, para que ele expresse seus ideais e consiga fazer den\u00fancias.<\/p>\n<p>&nbsp;<\/p>\n<p>O Sintramacon tamb\u00e9m procura proporcionar lazer ao trabalhador. A entidade realiza torneios de futebol e disponibiliza acesso gratuito aos Clubes \u00c1guas correntes e Celacap, al\u00e9m de outros projetos.<\/p>\n<p>&nbsp;<\/p>\n<p>Entre em contato e filie-se!<\/p>\n","protected":false},"excerpt":{"rendered":"<p>O Sindicato O Sindicato dos Trabalhadores no Com\u00e9rcio Atacadista e Varejista de Materiais de Constru\u00e7\u00e3o do Distrito Federal, o Sintramacon-DF, tem como objetivo resgatar o direitos dos trabalhadores. A nova diretoria, no comando desde dezembro de 2010, j\u00e1 conseguiu, em poucos meses, ampliar a rede de prote\u00e7\u00e3o ao trabalhador. &nbsp; O sindicato cuida da sa\u00fade &#8230;<\/p>\n","protected":false},"author":3,"featured_media":0,"parent":0,"menu_order":0,"comment_status":"open","ping_status":"open","template":"","meta":{"footnotes":""},"class_list":["post-118","page","type-page","status-publish","hentry"],"_links":{"self":[{"href":"https:\/\/sintramacon.com.br\/site\/index.php?rest_route=\/wp\/v2\/pages\/118","targetHints":{"allow":["GET"]}}],"collection":[{"href":"https:\/\/sintramacon.com.br\/site\/index.php?rest_route=\/wp\/v2\/pages"}],"about":[{"href":"https:\/\/sintramacon.com.br\/site\/index.php?rest_route=\/wp\/v2\/types\/page"}],"author":[{"embeddable":true,"href":"https:\/\/sintramacon.com.br\/site\/index.php?rest_route=\/wp\/v2\/users\/3"}],"replies":[{"embeddable":true,"href":"https:\/\/sintramacon.com.br\/site\/index.php?rest_route=%2Fwp%2Fv2%2Fcomments&post=118"}],"version-history":[{"count":4,"href":"https:\/\/sintramacon.com.br\/site\/index.php?rest_route=\/wp\/v2\/pages\/118\/revisions"}],"predecessor-version":[{"id":1517,"href":"https:\/\/sintramacon.com.br\/site\/index.php?rest_route=\/wp\/v2\/pages\/118\/revisions\/1517"}],"wp:attachment":[{"href":"https:\/\/sintramacon.com.br\/site\/index.php?rest_route=%2Fwp%2Fv2%2Fmedia&parent=118"}],"curies":[{"name":"wp","href":"https:\/\/api.w.org\/{rel}","templated":true}]}}