{"id":726,"date":"2015-07-27T13:59:18","date_gmt":"2015-07-27T13:59:18","guid":{"rendered":"http:\/\/sintramacon.com.br\/site\/?page_id=726"},"modified":"2015-07-27T17:39:25","modified_gmt":"2015-07-27T17:39:25","slug":"revistas-e-jonais","status":"publish","type":"page","link":"https:\/\/sintramacon.com.br\/site\/?page_id=726","title":{"rendered":"Revistas e Jornais"},"content":{"rendered":"<p><a href=\"https:\/\/sintramacon.com.br\/site\/wp-content\/uploads\/2015\/07\/revista-01.png\"><img loading=\"lazy\" decoding=\"async\" class=\"  wp-image-715 alignleft\" src=\"https:\/\/sintramacon.com.br\/site\/wp-content\/uploads\/2015\/07\/revista-01-233x300.png\" alt=\"revista 01\" width=\"162\" height=\"209\" \/><\/a><\/p>\n<p>&nbsp;<\/p>\n<h3><strong><span style=\"color: #960808;\">SINTRAMACON EM REVISTA<\/span><\/strong><br \/>\n<strong> <span style=\"color: #960808;\">MAIO E JUNHO DE 2014<\/span><\/strong><\/h3>\n<p><a href=\"https:\/\/sintramacon.com.br\/site\/wp-content\/uploads\/2015\/07\/Revista_Sintramacon_-_MaioJunho_2014_-_Finalizada.pdf\" target=\"_blank\">Baixar Conte\u00fado<\/a><\/p>\n<p>&nbsp;<\/p>\n<p>&nbsp;<\/p>\n<p><a href=\"https:\/\/sintramacon.com.br\/site\/wp-content\/uploads\/2015\/07\/revista-02.png\"><img loading=\"lazy\" decoding=\"async\" class=\"  wp-image-744 alignleft\" src=\"https:\/\/sintramacon.com.br\/site\/wp-content\/uploads\/2015\/07\/revista-02-235x300.png\" alt=\"revista 02\" width=\"165\" height=\"211\" srcset=\"https:\/\/sintramacon.com.br\/site\/wp-content\/uploads\/2015\/07\/revista-02-235x300.png 235w, https:\/\/sintramacon.com.br\/site\/wp-content\/uploads\/2015\/07\/revista-02.png 448w\" sizes=\"auto, (max-width: 165px) 100vw, 165px\" \/><\/a><\/p>\n<p>&nbsp;<\/p>\n<h3><strong><span style=\"color: #960808;\">SINTRAMACON EM REVISTA<br \/>\nNOVEMBRO DE 2013<\/span><\/strong><\/h3>\n<p><a href=\"https:\/\/sintramacon.com.br\/site\/wp-content\/uploads\/2015\/07\/Revista_Novembro_2013.pdf\" target=\"_blank\">Baixar Conte\u00fado<\/a><\/p>\n<p>&nbsp;<\/p>\n<p>&nbsp;<\/p>\n<p><a href=\"https:\/\/sintramacon.com.br\/site\/wp-content\/uploads\/2015\/07\/revista-03.png\"><img loading=\"lazy\" decoding=\"async\" class=\"  wp-image-748 alignleft\" src=\"https:\/\/sintramacon.com.br\/site\/wp-content\/uploads\/2015\/07\/revista-03-227x300.png\" alt=\"revista 03\" width=\"163\" height=\"215\" \/><\/a><\/p>\n<p>&nbsp;<\/p>\n<h3><strong><span style=\"color: #960808;\">SINTRAMACON EM REVISTA<br \/>\nAGOSTO DE 2013<\/span><\/strong><\/h3>\n<p><a href=\"https:\/\/sintramacon.com.br\/site\/wp-content\/uploads\/2015\/07\/Revista_agosto_2013.pdf\" target=\"_blank\">Baixar Conte\u00fado<\/a><\/p>\n<p>&nbsp;<\/p>\n<p>&nbsp;<\/p>\n<h3><a href=\"https:\/\/sintramacon.com.br\/site\/wp-content\/uploads\/2015\/07\/revista-04.png\"><img loading=\"lazy\" decoding=\"async\" class=\"  wp-image-750 alignleft\" src=\"https:\/\/sintramacon.com.br\/site\/wp-content\/uploads\/2015\/07\/revista-04-230x300.png\" alt=\"revista 04\" width=\"162\" height=\"211\" srcset=\"https:\/\/sintramacon.com.br\/site\/wp-content\/uploads\/2015\/07\/revista-04-230x300.png 230w, https:\/\/sintramacon.com.br\/site\/wp-content\/uploads\/2015\/07\/revista-04.png 493w\" sizes=\"auto, (max-width: 162px) 100vw, 162px\" \/><\/a><\/h3>\n<p>&nbsp;<\/p>\n<h3><span style=\"color: #961818;\"><strong>SINTRAMACON EM REVISTA<\/strong><\/span><br \/>\n<span style=\"color: #961818;\"><strong> SETEMBRO DE 2012<\/strong><\/span><\/h3>\n<p><a href=\"https:\/\/sintramacon.com.br\/site\/wp-content\/uploads\/2015\/07\/Revista_setembro_2012.pdf\">Baixar Conte\u00fado<\/a><\/p>\n<p>&nbsp;<\/p>\n<p>&nbsp;<\/p>\n<p><a href=\"https:\/\/sintramacon.com.br\/site\/wp-content\/uploads\/2015\/07\/revista-05.png\"><img loading=\"lazy\" decoding=\"async\" class=\"  wp-image-769 alignleft\" src=\"https:\/\/sintramacon.com.br\/site\/wp-content\/uploads\/2015\/07\/revista-05-229x300.png\" alt=\"revista 05\" width=\"161\" height=\"211\" srcset=\"https:\/\/sintramacon.com.br\/site\/wp-content\/uploads\/2015\/07\/revista-05-229x300.png 229w, https:\/\/sintramacon.com.br\/site\/wp-content\/uploads\/2015\/07\/revista-05.png 485w\" sizes=\"auto, (max-width: 161px) 100vw, 161px\" \/><\/a><\/p>\n<p>&nbsp;<\/p>\n<h3><span style=\"color: #961818;\"><strong>SINTRAMACON EM REVISTA<\/strong><\/span><br \/>\n<span style=\"color: #961818;\"><strong>2012<\/strong><\/span><\/h3>\n<p><a href=\"https:\/\/sintramacon.com.br\/site\/wp-content\/uploads\/2015\/07\/Revista_2012.pdf\" target=\"_blank\">Baixar Conte\u00fado<\/a><\/p>\n<p>&nbsp;<\/p>\n<p>&nbsp;<\/p>\n<p><a href=\"https:\/\/sintramacon.com.br\/site\/wp-content\/uploads\/2015\/07\/revista-06.png\"><img loading=\"lazy\" decoding=\"async\" class=\"  wp-image-781 alignleft\" src=\"https:\/\/sintramacon.com.br\/site\/wp-content\/uploads\/2015\/07\/revista-06-227x300.png\" alt=\"revista 06\" width=\"160\" height=\"211\" srcset=\"https:\/\/sintramacon.com.br\/site\/wp-content\/uploads\/2015\/07\/revista-06-227x300.png 227w, https:\/\/sintramacon.com.br\/site\/wp-content\/uploads\/2015\/07\/revista-06.png 486w\" sizes=\"auto, (max-width: 160px) 100vw, 160px\" \/><\/a><\/p>\n<p>&nbsp;<\/p>\n<h3><span style=\"color: #961818;\"><strong>JORNAL DO SINTRAMACON\u00a0<\/strong><\/span><br \/>\n<span style=\"color: #961818;\"><strong>Fevereiro &#8211; 2012<\/strong><\/span><\/h3>\n<p><a href=\"https:\/\/sintramacon.com.br\/site\/wp-content\/uploads\/2015\/07\/Jornal_fevereiro_2012.pdf\" target=\"_blank\">Baixar Conte\u00fado<\/a><\/p>\n<p>&nbsp;<\/p>\n<p>&nbsp;<\/p>\n<p><a href=\"https:\/\/sintramacon.com.br\/site\/wp-content\/uploads\/2015\/07\/Jornal-07.png\"><img loading=\"lazy\" decoding=\"async\" class=\"  wp-image-787 alignleft\" src=\"https:\/\/sintramacon.com.br\/site\/wp-content\/uploads\/2015\/07\/Jornal-07-230x300.png\" alt=\"Jornal 07\" width=\"164\" height=\"214\" \/><\/a><\/p>\n<p>&nbsp;<\/p>\n<h3><span style=\"color: #961818;\"><strong>JORNAL DO SINTRAMACON\u00a0<\/strong><\/span><br \/>\n<span style=\"color: #961818;\"><strong>2011<\/strong><\/span><\/h3>\n<p><a href=\"https:\/\/sintramacon.com.br\/site\/wp-content\/uploads\/2015\/07\/Jornal_2011.pdf\" target=\"_blank\">Baixar Conte\u00fado<\/a><\/p>\n<p>&nbsp;<\/p>\n<p>&nbsp;<\/p>\n<p><a href=\"https:\/\/sintramacon.com.br\/site\/wp-content\/uploads\/2015\/07\/Jornal-08.png\"><img loading=\"lazy\" decoding=\"async\" class=\"  wp-image-789 alignleft\" src=\"https:\/\/sintramacon.com.br\/site\/wp-content\/uploads\/2015\/07\/Jornal-08-229x300.png\" alt=\"Jornal 08\" width=\"157\" height=\"206\" srcset=\"https:\/\/sintramacon.com.br\/site\/wp-content\/uploads\/2015\/07\/Jornal-08-229x300.png 229w, https:\/\/sintramacon.com.br\/site\/wp-content\/uploads\/2015\/07\/Jornal-08.png 483w\" sizes=\"auto, (max-width: 157px) 100vw, 157px\" \/><\/a><\/p>\n<p>&nbsp;<\/p>\n<h3><span style=\"color: #961818;\"><strong>JORNAL DO SINTRAMACON\u00a0<\/strong><\/span><br \/>\n<span style=\"color: #961818;\"><strong>2011<\/strong><\/span><\/h3>\n<p><a href=\"https:\/\/sintramacon.com.br\/site\/wp-content\/uploads\/2015\/07\/Jornal_maio_2011.pdf\" target=\"_blank\">Baixar Conte\u00fado<\/a><\/p>\n<p>&nbsp;<\/p>\n<p>&nbsp;<\/p>\n<p><img loading=\"lazy\" decoding=\"async\" class=\"  wp-image-793 alignleft\" src=\"https:\/\/sintramacon.com.br\/site\/wp-content\/uploads\/2015\/07\/Jornal-09-230x300.png\" alt=\"Jornal 09\" width=\"145\" height=\"189\" srcset=\"https:\/\/sintramacon.com.br\/site\/wp-content\/uploads\/2015\/07\/Jornal-09-230x300.png 230w, https:\/\/sintramacon.com.br\/site\/wp-content\/uploads\/2015\/07\/Jornal-09.png 483w\" sizes=\"auto, (max-width: 145px) 100vw, 145px\" \/><\/p>\n<h3><span style=\"color: #961818;\"><strong>JORNAL DO SINTRAMACON\u00a0<\/strong><\/span><br \/>\n<span style=\"color: #961818;\"><b>Nova Diretoria\u00a0<\/b><\/span><\/h3>\n<p><a href=\"https:\/\/sintramacon.com.br\/site\/wp-content\/uploads\/2015\/07\/jornal_nova_diretoria.pdf\" target=\"_blank\">Baixar Conte\u00fado<\/a><\/p>\n","protected":false},"excerpt":{"rendered":"<p>&nbsp; SINTRAMACON EM REVISTA MAIO E JUNHO DE 2014 Baixar Conte\u00fado &nbsp; &nbsp; &nbsp; SINTRAMACON EM REVISTA NOVEMBRO DE 2013 Baixar Conte\u00fado &nbsp; &nbsp; &nbsp; SINTRAMACON EM REVISTA AGOSTO DE 2013 Baixar Conte\u00fado &nbsp; &nbsp; &nbsp; SINTRAMACON EM REVISTA SETEMBRO DE 2012 Baixar Conte\u00fado &nbsp; &nbsp; &nbsp; SINTRAMACON EM REVISTA 2012 Baixar Conte\u00fado &nbsp; &nbsp; &#8230;<\/p>\n","protected":false},"author":3,"featured_media":0,"parent":0,"menu_order":0,"comment_status":"open","ping_status":"open","template":"","meta":{"footnotes":""},"class_list":["post-726","page","type-page","status-publish","hentry"],"_links":{"self":[{"href":"https:\/\/sintramacon.com.br\/site\/index.php?rest_route=\/wp\/v2\/pages\/726","targetHints":{"allow":["GET"]}}],"collection":[{"href":"https:\/\/sintramacon.com.br\/site\/index.php?rest_route=\/wp\/v2\/pages"}],"about":[{"href":"https:\/\/sintramacon.com.br\/site\/index.php?rest_route=\/wp\/v2\/types\/page"}],"author":[{"embeddable":true,"href":"https:\/\/sintramacon.com.br\/site\/index.php?rest_route=\/wp\/v2\/users\/3"}],"replies":[{"embeddable":true,"href":"https:\/\/sintramacon.com.br\/site\/index.php?rest_route=%2Fwp%2Fv2%2Fcomments&post=726"}],"version-history":[{"count":44,"href":"https:\/\/sintramacon.com.br\/site\/index.php?rest_route=\/wp\/v2\/pages\/726\/revisions"}],"predecessor-version":[{"id":794,"href":"https:\/\/sintramacon.com.br\/site\/index.php?rest_route=\/wp\/v2\/pages\/726\/revisions\/794"}],"wp:attachment":[{"href":"https:\/\/sintramacon.com.br\/site\/index.php?rest_route=%2Fwp%2Fv2%2Fmedia&parent=726"}],"curies":[{"name":"wp","href":"https:\/\/api.w.org\/{rel}","templated":true}]}}